{"id":278,"date":"2024-01-05T11:49:38","date_gmt":"2024-01-05T10:49:38","guid":{"rendered":"https:\/\/silverrain.es\/?page_id=278"},"modified":"2024-01-05T11:55:07","modified_gmt":"2024-01-05T10:55:07","slug":"aviso-legal","status":"publish","type":"page","link":"https:\/\/silverrain.es\/aviso-legal\/","title":{"rendered":"Aviso Legal"},"content":{"rendered":"\t\t<div data-elementor-type=\"wp-page\" data-elementor-id=\"278\" class=\"elementor elementor-278\" data-elementor-post-type=\"page\">\n\t\t\t\t<div class=\"elementor-element elementor-element-a281f20 e-flex e-con-boxed e-con e-parent\" data-id=\"a281f20\" data-element_type=\"container\">\n\t\t\t\t\t<div class=\"e-con-inner\">\n\t\t<div class=\"elementor-element elementor-element-add3a3c e-flex e-con-boxed elementor-invisible e-con e-child\" data-id=\"add3a3c\" data-element_type=\"container\" data-settings=\"{&quot;animation&quot;:&quot;fadeInUp&quot;}\">\n\t\t\t\t\t<div class=\"e-con-inner\">\n\t\t\t\t<div class=\"elementor-element elementor-element-04a5556 elementor-widget elementor-widget-heading\" data-id=\"04a5556\" data-element_type=\"widget\" data-widget_type=\"heading.default\">\n\t\t\t\t<div class=\"elementor-widget-container\">\n\t\t\t\t\t<h2 class=\"elementor-heading-title elementor-size-default\">Aviso Legal<\/h2>\t\t\t\t<\/div>\n\t\t\t\t<\/div>\n\t\t\t\t\t<\/div>\n\t\t\t\t<\/div>\n\t\t\t\t<div class=\"elementor-element elementor-element-a4a6477 elementor-invisible elementor-widget elementor-widget-text-editor\" data-id=\"a4a6477\" data-element_type=\"widget\" data-settings=\"{&quot;_animation&quot;:&quot;fadeInUp&quot;}\" data-widget_type=\"text-editor.default\">\n\t\t\t\t<div class=\"elementor-widget-container\">\n\t\t\t\t\t\t\t\t\t<p data-sourcepos=\"3:1-3:171\">La presente web es propiedad de <strong>Silver Rain S.L.<\/strong>, con domicilio social en <strong>C\/ Fco. Medina y Mendoza, 12 A, Nave 10, 19171 Cabanillas del Campo, Guadalajara, Espa\u00f1a<\/strong>.<\/p><p data-sourcepos=\"5:1-5:231\"><span class=\"citation-0 citation-end-0\">El acceso y uso de esta web atribuye la condici\u00f3n de usuario, e implica la aceptaci\u00f3n plena y sin reservas de todas y cada una de las<\/span> disposiciones <span class=\"citation-1\">incluidas en este Aviso Legal, que pueden sufrir modificaciones.<\/span><\/p><p data-sourcepos=\"7:1-7:366\"><span class=\"citation-1 citation-end-1\">El usuario se obliga a hacer un uso correcto de la web de conformidad con la<\/span> Ley, la moral, el orden p\u00fablico, las buenas costumbres y el presente Aviso Legal. El usuario responder\u00e1 frente a <strong>Silver Rain S.L.<\/strong> <span class=\"citation-2 citation-end-2\">o frente a terceros, de cualesquiera da\u00f1os y perjuicios que pudieran causarse como consecuencia del incumplimiento de dicha obligaci\u00f3n.<\/span><\/p><p data-sourcepos=\"9:1-9:150\"><strong>Silver Rain S.L.<\/strong> no se responsabiliza de los da\u00f1os y perjuicios que se produzcan en los equipos inform\u00e1ticos de los usuarios por el uso de la web.<\/p><p data-sourcepos=\"11:1-11:208\"><strong>Silver Rain S.L.<\/strong> no se responsabiliza de la exactitud, veracidad y actualidad de los contenidos de la web, si bien se compromete a realizar todo lo posible para evitar errores y actualizar la informaci\u00f3n.<\/p><p data-sourcepos=\"13:1-13:157\"><strong>Silver Rain S.L.<\/strong> se reserva el derecho de suspender el acceso a la web, sin previo aviso, por razones de mantenimiento, seguridad o cualquier otra causa.<\/p><p data-sourcepos=\"15:1-15:126\"><strong>Silver Rain S.L.<\/strong> no se responsabiliza de las opiniones expresadas en los foros de discusi\u00f3n o comentarios de los usuarios.<\/p><p data-sourcepos=\"17:1-17:101\"><strong>Silver Rain S.L.<\/strong> se reserva el derecho de modificar el presente Aviso Legal en cualquier momento.<\/p>\t\t\t\t\t\t\t\t<\/div>\n\t\t\t\t<\/div>\n\t\t\t\t\t<\/div>\n\t\t\t\t<\/div>\n\t\t\t\t<\/div>\n\t\t","protected":false},"excerpt":{"rendered":"<p>Aviso Legal La presente web es propiedad de Silver Rain S.L., con domicilio social en C\/ Fco. Medina y Mendoza, 12 A, Nave 10, 19171 Cabanillas del Campo, Guadalajara, Espa\u00f1a. El acceso y uso de esta web atribuye la condici\u00f3n de usuario, e implica la aceptaci\u00f3n plena y sin reservas de todas y cada una [&hellip;]<\/p>\n","protected":false},"author":1,"featured_media":0,"parent":0,"menu_order":0,"comment_status":"closed","ping_status":"open","template":"elementor_header_footer","meta":{"footnotes":""},"class_list":["post-278","page","type-page","status-publish","hentry"],"yoast_head":"<!-- This site is optimized with the Yoast SEO plugin v27.1.1 - https:\/\/yoast.com\/product\/yoast-seo-wordpress\/ -->\n<title>Aviso Legal - Silver Rain<\/title>\n<meta name=\"robots\" content=\"index, follow, max-snippet:-1, max-image-preview:large, max-video-preview:-1\" \/>\n<link rel=\"canonical\" href=\"https:\/\/silverrain.es\/aviso-legal\/\" \/>\n<meta property=\"og:locale\" content=\"es_ES\" \/>\n<meta property=\"og:type\" content=\"article\" \/>\n<meta property=\"og:title\" content=\"Aviso Legal - Silver Rain\" \/>\n<meta property=\"og:description\" content=\"Aviso Legal La presente web es propiedad de Silver Rain S.L., con domicilio social en C\/ Fco. Medina y Mendoza, 12 A, Nave 10, 19171 Cabanillas del Campo, Guadalajara, Espa\u00f1a. El acceso y uso de esta web atribuye la condici\u00f3n de usuario, e implica la aceptaci\u00f3n plena y sin reservas de todas y cada una [&hellip;]\" \/>\n<meta property=\"og:url\" content=\"https:\/\/silverrain.es\/aviso-legal\/\" \/>\n<meta property=\"og:site_name\" content=\"Silver Rain\" \/>\n<meta property=\"article:modified_time\" content=\"2024-01-05T10:55:07+00:00\" \/>\n<meta name=\"twitter:card\" content=\"summary_large_image\" \/>\n<meta name=\"twitter:label1\" content=\"Tiempo de lectura\" \/>\n\t<meta name=\"twitter:data1\" content=\"1 minuto\" \/>\n<script type=\"application\/ld+json\" class=\"yoast-schema-graph\">{\"@context\":\"https:\/\/schema.org\",\"@graph\":[{\"@type\":\"WebPage\",\"@id\":\"https:\/\/silverrain.es\/aviso-legal\/\",\"url\":\"https:\/\/silverrain.es\/aviso-legal\/\",\"name\":\"Aviso Legal - Silver Rain\",\"isPartOf\":{\"@id\":\"https:\/\/silverrain.es\/#website\"},\"datePublished\":\"2024-01-05T10:49:38+00:00\",\"dateModified\":\"2024-01-05T10:55:07+00:00\",\"breadcrumb\":{\"@id\":\"https:\/\/silverrain.es\/aviso-legal\/#breadcrumb\"},\"inLanguage\":\"es\",\"potentialAction\":[{\"@type\":\"ReadAction\",\"target\":[\"https:\/\/silverrain.es\/aviso-legal\/\"]}]},{\"@type\":\"BreadcrumbList\",\"@id\":\"https:\/\/silverrain.es\/aviso-legal\/#breadcrumb\",\"itemListElement\":[{\"@type\":\"ListItem\",\"position\":1,\"name\":\"Portada\",\"item\":\"https:\/\/silverrain.es\/\"},{\"@type\":\"ListItem\",\"position\":2,\"name\":\"Aviso Legal\"}]},{\"@type\":\"WebSite\",\"@id\":\"https:\/\/silverrain.es\/#website\",\"url\":\"https:\/\/silverrain.es\/\",\"name\":\"Silver Rain\",\"description\":\"Soluciones audiovisuales integrales para espect\u00e1culos y eventos\",\"publisher\":{\"@id\":\"https:\/\/silverrain.es\/#organization\"},\"potentialAction\":[{\"@type\":\"SearchAction\",\"target\":{\"@type\":\"EntryPoint\",\"urlTemplate\":\"https:\/\/silverrain.es\/?s={search_term_string}\"},\"query-input\":{\"@type\":\"PropertyValueSpecification\",\"valueRequired\":true,\"valueName\":\"search_term_string\"}}],\"inLanguage\":\"es\"},{\"@type\":\"Organization\",\"@id\":\"https:\/\/silverrain.es\/#organization\",\"name\":\"Silver Rain\",\"url\":\"https:\/\/silverrain.es\/\",\"logo\":{\"@type\":\"ImageObject\",\"inLanguage\":\"es\",\"@id\":\"https:\/\/silverrain.es\/#\/schema\/logo\/image\/\",\"url\":\"https:\/\/silverrain.es\/wp-content\/uploads\/2023\/10\/cropped-favicon-silver-rain.png\",\"contentUrl\":\"https:\/\/silverrain.es\/wp-content\/uploads\/2023\/10\/cropped-favicon-silver-rain.png\",\"width\":512,\"height\":512,\"caption\":\"Silver Rain\"},\"image\":{\"@id\":\"https:\/\/silverrain.es\/#\/schema\/logo\/image\/\"}}]}<\/script>\n<!-- \/ Yoast SEO plugin. -->","yoast_head_json":{"title":"Aviso Legal - Silver Rain","robots":{"index":"index","follow":"follow","max-snippet":"max-snippet:-1","max-image-preview":"max-image-preview:large","max-video-preview":"max-video-preview:-1"},"canonical":"https:\/\/silverrain.es\/aviso-legal\/","og_locale":"es_ES","og_type":"article","og_title":"Aviso Legal - Silver Rain","og_description":"Aviso Legal La presente web es propiedad de Silver Rain S.L., con domicilio social en C\/ Fco. Medina y Mendoza, 12 A, Nave 10, 19171 Cabanillas del Campo, Guadalajara, Espa\u00f1a. El acceso y uso de esta web atribuye la condici\u00f3n de usuario, e implica la aceptaci\u00f3n plena y sin reservas de todas y cada una [&hellip;]","og_url":"https:\/\/silverrain.es\/aviso-legal\/","og_site_name":"Silver Rain","article_modified_time":"2024-01-05T10:55:07+00:00","twitter_card":"summary_large_image","twitter_misc":{"Tiempo de lectura":"1 minuto"},"schema":{"@context":"https:\/\/schema.org","@graph":[{"@type":"WebPage","@id":"https:\/\/silverrain.es\/aviso-legal\/","url":"https:\/\/silverrain.es\/aviso-legal\/","name":"Aviso Legal - Silver Rain","isPartOf":{"@id":"https:\/\/silverrain.es\/#website"},"datePublished":"2024-01-05T10:49:38+00:00","dateModified":"2024-01-05T10:55:07+00:00","breadcrumb":{"@id":"https:\/\/silverrain.es\/aviso-legal\/#breadcrumb"},"inLanguage":"es","potentialAction":[{"@type":"ReadAction","target":["https:\/\/silverrain.es\/aviso-legal\/"]}]},{"@type":"BreadcrumbList","@id":"https:\/\/silverrain.es\/aviso-legal\/#breadcrumb","itemListElement":[{"@type":"ListItem","position":1,"name":"Portada","item":"https:\/\/silverrain.es\/"},{"@type":"ListItem","position":2,"name":"Aviso Legal"}]},{"@type":"WebSite","@id":"https:\/\/silverrain.es\/#website","url":"https:\/\/silverrain.es\/","name":"Silver Rain","description":"Soluciones audiovisuales integrales para espect\u00e1culos y eventos","publisher":{"@id":"https:\/\/silverrain.es\/#organization"},"potentialAction":[{"@type":"SearchAction","target":{"@type":"EntryPoint","urlTemplate":"https:\/\/silverrain.es\/?s={search_term_string}"},"query-input":{"@type":"PropertyValueSpecification","valueRequired":true,"valueName":"search_term_string"}}],"inLanguage":"es"},{"@type":"Organization","@id":"https:\/\/silverrain.es\/#organization","name":"Silver Rain","url":"https:\/\/silverrain.es\/","logo":{"@type":"ImageObject","inLanguage":"es","@id":"https:\/\/silverrain.es\/#\/schema\/logo\/image\/","url":"https:\/\/silverrain.es\/wp-content\/uploads\/2023\/10\/cropped-favicon-silver-rain.png","contentUrl":"https:\/\/silverrain.es\/wp-content\/uploads\/2023\/10\/cropped-favicon-silver-rain.png","width":512,"height":512,"caption":"Silver Rain"},"image":{"@id":"https:\/\/silverrain.es\/#\/schema\/logo\/image\/"}}]}},"_links":{"self":[{"href":"https:\/\/silverrain.es\/wp-json\/wp\/v2\/pages\/278","targetHints":{"allow":["GET"]}}],"collection":[{"href":"https:\/\/silverrain.es\/wp-json\/wp\/v2\/pages"}],"about":[{"href":"https:\/\/silverrain.es\/wp-json\/wp\/v2\/types\/page"}],"author":[{"embeddable":true,"href":"https:\/\/silverrain.es\/wp-json\/wp\/v2\/users\/1"}],"replies":[{"embeddable":true,"href":"https:\/\/silverrain.es\/wp-json\/wp\/v2\/comments?post=278"}],"version-history":[{"count":0,"href":"https:\/\/silverrain.es\/wp-json\/wp\/v2\/pages\/278\/revisions"}],"wp:attachment":[{"href":"https:\/\/silverrain.es\/wp-json\/wp\/v2\/media?parent=278"}],"curies":[{"name":"wp","href":"https:\/\/api.w.org\/{rel}","templated":true}]}}