{"id":21,"date":"2023-10-26T12:28:16","date_gmt":"2023-10-26T10:28:16","guid":{"rendered":"https:\/\/silverrain.es\/?page_id=21"},"modified":"2025-09-23T10:17:59","modified_gmt":"2025-09-23T08:17:59","slug":"contacto","status":"publish","type":"page","link":"https:\/\/silverrain.es\/contacto\/","title":{"rendered":"Contacto"},"content":{"rendered":"\t\t<div data-elementor-type=\"wp-page\" data-elementor-id=\"21\" class=\"elementor elementor-21\" data-elementor-post-type=\"page\">\n\t\t\t\t<div class=\"elementor-element elementor-element-508f804 e-flex e-con-boxed e-con e-parent\" data-id=\"508f804\" data-element_type=\"container\">\n\t\t\t\t\t<div class=\"e-con-inner\">\n\t\t\t\t<div class=\"elementor-element elementor-element-f831b3d elementor-widget elementor-widget-heading\" data-id=\"f831b3d\" data-element_type=\"widget\" data-widget_type=\"heading.default\">\n\t\t\t\t<div class=\"elementor-widget-container\">\n\t\t\t\t\t<h1 class=\"elementor-heading-title elementor-size-default\">\u00bfHablamos, organizamos, producimos, gestionamos?\n<\/h1>\t\t\t\t<\/div>\n\t\t\t\t<\/div>\n\t\t\t\t<div class=\"elementor-element elementor-element-5f4be3c elementor-widget elementor-widget-heading\" data-id=\"5f4be3c\" data-element_type=\"widget\" data-widget_type=\"heading.default\">\n\t\t\t\t<div class=\"elementor-widget-container\">\n\t\t\t\t\t<h2 class=\"elementor-heading-title elementor-size-default\">En Silver Rain, nos apasiona convertir ideas en experiencias inolvidables. Si est\u00e1s buscando soluciones audiovisuales para tu pr\u00f3ximo evento, cont\u00e1ctanos. Nuestro equipo de expertos est\u00e1 listo para trabajar contigo y llevar tu proyecto al siguiente nivel. Ya sea un espect\u00e1culo, evento 360\u00ba, o cualquier necesidad espec\u00edfica, estamos aqu\u00ed para hacerlo posible. \u00a1Haz que tu evento destaque con Silver Rain!<\/h2>\t\t\t\t<\/div>\n\t\t\t\t<\/div>\n\t\t\t\t<div class=\"elementor-element elementor-element-6c800be elementor-button-align-stretch elementor-widget elementor-widget-form\" data-id=\"6c800be\" data-element_type=\"widget\" data-settings=\"{&quot;button_width&quot;:&quot;20&quot;,&quot;step_next_label&quot;:&quot;Next&quot;,&quot;step_previous_label&quot;:&quot;Previous&quot;,&quot;step_type&quot;:&quot;number_text&quot;,&quot;step_icon_shape&quot;:&quot;circle&quot;}\" data-widget_type=\"form.default\">\n\t\t\t\t<div class=\"elementor-widget-container\">\n\t\t\t\t\t\t\t<form class=\"elementor-form\" method=\"post\" name=\"New Form\" aria-label=\"New Form\">\n\t\t\t<input type=\"hidden\" name=\"post_id\" value=\"21\"\/>\n\t\t\t<input type=\"hidden\" name=\"form_id\" value=\"6c800be\"\/>\n\t\t\t<input type=\"hidden\" name=\"referer_title\" value=\"Silver Rain\" \/>\n\n\t\t\t\n\t\t\t<div class=\"elementor-form-fields-wrapper elementor-labels-above\">\n\t\t\t\t\t\t\t\t<div class=\"elementor-field-type-text elementor-field-group elementor-column elementor-field-group-name elementor-col-50\">\n\t\t\t\t\t\t\t\t\t\t\t\t<label for=\"form-field-name\" class=\"elementor-field-label\">\n\t\t\t\t\t\t\t\tNombre\t\t\t\t\t\t\t<\/label>\n\t\t\t\t\t\t\t\t\t\t\t\t\t\t<input size=\"1\" type=\"text\" name=\"form_fields[name]\" id=\"form-field-name\" class=\"elementor-field elementor-size-sm  elementor-field-textual\">\n\t\t\t\t\t\t\t\t\t\t\t<\/div>\n\t\t\t\t\t\t\t\t<div class=\"elementor-field-type-text elementor-field-group elementor-column elementor-field-group-email elementor-col-50 elementor-field-required\">\n\t\t\t\t\t\t\t\t\t\t\t\t<label for=\"form-field-email\" class=\"elementor-field-label\">\n\t\t\t\t\t\t\t\tApellido\t\t\t\t\t\t\t<\/label>\n\t\t\t\t\t\t\t\t\t\t\t\t\t\t<input size=\"1\" type=\"text\" name=\"form_fields[email]\" id=\"form-field-email\" class=\"elementor-field elementor-size-sm  elementor-field-textual\" required=\"required\">\n\t\t\t\t\t\t\t\t\t\t\t<\/div>\n\t\t\t\t\t\t\t\t<div class=\"elementor-field-type-email elementor-field-group elementor-column elementor-field-group-message elementor-col-100\">\n\t\t\t\t\t\t\t\t\t\t\t\t<label for=\"form-field-message\" class=\"elementor-field-label\">\n\t\t\t\t\t\t\t\tEmail\t\t\t\t\t\t\t<\/label>\n\t\t\t\t\t\t\t\t\t\t\t\t\t\t<input size=\"1\" type=\"email\" name=\"form_fields[message]\" id=\"form-field-message\" class=\"elementor-field elementor-size-sm  elementor-field-textual\">\n\t\t\t\t\t\t\t\t\t\t\t<\/div>\n\t\t\t\t\t\t\t\t<div class=\"elementor-field-type-textarea elementor-field-group elementor-column elementor-field-group-field_f903389 elementor-col-100\">\n\t\t\t\t\t\t\t\t\t\t\t\t<label for=\"form-field-field_f903389\" class=\"elementor-field-label\">\n\t\t\t\t\t\t\t\tMensaje\t\t\t\t\t\t\t<\/label>\n\t\t\t\t\t\t<textarea class=\"elementor-field-textual elementor-field  elementor-size-sm\" name=\"form_fields[field_f903389]\" id=\"form-field-field_f903389\" rows=\"4\"><\/textarea>\t\t\t\t<\/div>\n\t\t\t\t\t\t\t\t<div class=\"elementor-field-type-text\">\n\t\t\t\t\t<input size=\"1\" type=\"text\" name=\"form_fields[field_e504da3]\" id=\"form-field-field_e504da3\" class=\"elementor-field elementor-size-sm \" style=\"display:none !important;\">\t\t\t\t<\/div>\n\t\t\t\t\t\t\t\t<div class=\"elementor-field-group elementor-column elementor-field-type-submit elementor-col-20 e-form__buttons\">\n\t\t\t\t\t<button class=\"elementor-button elementor-size-xs elementor-animation-grow\" type=\"submit\">\n\t\t\t\t\t\t<span class=\"elementor-button-content-wrapper\">\n\t\t\t\t\t\t\t\t\t\t\t\t\t\t\t\t\t\t\t\t\t\t<span class=\"elementor-button-text\">Enviar<\/span>\n\t\t\t\t\t\t\t\t\t\t\t\t\t<\/span>\n\t\t\t\t\t<\/button>\n\t\t\t\t<\/div>\n\t\t\t<\/div>\n\t\t<\/form>\n\t\t\t\t\t\t<\/div>\n\t\t\t\t<\/div>\n\t\t\t\t\t<\/div>\n\t\t\t\t<\/div>\n\t\t\t\t<\/div>\n\t\t","protected":false},"excerpt":{"rendered":"<p>\u00bfHablamos, organizamos, producimos, gestionamos? En Silver Rain, nos apasiona convertir ideas en experiencias inolvidables. Si est\u00e1s buscando soluciones audiovisuales para tu pr\u00f3ximo evento, cont\u00e1ctanos. Nuestro equipo de expertos est\u00e1 listo para trabajar contigo y llevar tu proyecto al siguiente nivel. Ya sea un espect\u00e1culo, evento 360\u00ba, o cualquier necesidad espec\u00edfica, estamos aqu\u00ed para hacerlo posible. [&hellip;]<\/p>\n","protected":false},"author":1,"featured_media":0,"parent":0,"menu_order":0,"comment_status":"closed","ping_status":"open","template":"elementor_header_footer","meta":{"footnotes":""},"class_list":["post-21","page","type-page","status-publish","hentry"],"yoast_head":"<!-- This site is optimized with the Yoast SEO plugin v27.1.1 - https:\/\/yoast.com\/product\/yoast-seo-wordpress\/ -->\n<title>Contacto Silver Rain | Soluciones Audiovisuales para Eventos<\/title>\n<meta name=\"description\" content=\"Con Silver Rain llevar\u00e1s tus eventos al siguiente nivel. Contacta y descubre c\u00f3mo nuestra experiencia en espect\u00e1culos, eventos 360\u00ba y m\u00e1s.\" \/>\n<meta name=\"robots\" content=\"index, follow, max-snippet:-1, max-image-preview:large, max-video-preview:-1\" \/>\n<link rel=\"canonical\" href=\"https:\/\/silverrain.es\/contacto\/\" \/>\n<meta property=\"og:locale\" content=\"es_ES\" \/>\n<meta property=\"og:type\" content=\"article\" \/>\n<meta property=\"og:title\" content=\"Contacto Silver Rain | Soluciones Audiovisuales para Eventos\" \/>\n<meta property=\"og:description\" content=\"Con Silver Rain llevar\u00e1s tus eventos al siguiente nivel. Contacta y descubre c\u00f3mo nuestra experiencia en espect\u00e1culos, eventos 360\u00ba y m\u00e1s.\" \/>\n<meta property=\"og:url\" content=\"https:\/\/silverrain.es\/contacto\/\" \/>\n<meta property=\"og:site_name\" content=\"Silver Rain\" \/>\n<meta property=\"article:modified_time\" content=\"2025-09-23T08:17:59+00:00\" \/>\n<meta name=\"twitter:card\" content=\"summary_large_image\" \/>\n<meta name=\"twitter:label1\" content=\"Tiempo de lectura\" \/>\n\t<meta name=\"twitter:data1\" content=\"1 minuto\" \/>\n<script type=\"application\/ld+json\" class=\"yoast-schema-graph\">{\"@context\":\"https:\/\/schema.org\",\"@graph\":[{\"@type\":\"WebPage\",\"@id\":\"https:\/\/silverrain.es\/contacto\/\",\"url\":\"https:\/\/silverrain.es\/contacto\/\",\"name\":\"Contacto Silver Rain | Soluciones Audiovisuales para Eventos\",\"isPartOf\":{\"@id\":\"https:\/\/silverrain.es\/#website\"},\"datePublished\":\"2023-10-26T10:28:16+00:00\",\"dateModified\":\"2025-09-23T08:17:59+00:00\",\"description\":\"Con Silver Rain llevar\u00e1s tus eventos al siguiente nivel. Contacta y descubre c\u00f3mo nuestra experiencia en espect\u00e1culos, eventos 360\u00ba y m\u00e1s.\",\"breadcrumb\":{\"@id\":\"https:\/\/silverrain.es\/contacto\/#breadcrumb\"},\"inLanguage\":\"es\",\"potentialAction\":[{\"@type\":\"ReadAction\",\"target\":[\"https:\/\/silverrain.es\/contacto\/\"]}]},{\"@type\":\"BreadcrumbList\",\"@id\":\"https:\/\/silverrain.es\/contacto\/#breadcrumb\",\"itemListElement\":[{\"@type\":\"ListItem\",\"position\":1,\"name\":\"Portada\",\"item\":\"https:\/\/silverrain.es\/\"},{\"@type\":\"ListItem\",\"position\":2,\"name\":\"Contacto\"}]},{\"@type\":\"WebSite\",\"@id\":\"https:\/\/silverrain.es\/#website\",\"url\":\"https:\/\/silverrain.es\/\",\"name\":\"Silver Rain\",\"description\":\"Soluciones audiovisuales integrales para espect\u00e1culos y eventos\",\"publisher\":{\"@id\":\"https:\/\/silverrain.es\/#organization\"},\"potentialAction\":[{\"@type\":\"SearchAction\",\"target\":{\"@type\":\"EntryPoint\",\"urlTemplate\":\"https:\/\/silverrain.es\/?s={search_term_string}\"},\"query-input\":{\"@type\":\"PropertyValueSpecification\",\"valueRequired\":true,\"valueName\":\"search_term_string\"}}],\"inLanguage\":\"es\"},{\"@type\":\"Organization\",\"@id\":\"https:\/\/silverrain.es\/#organization\",\"name\":\"Silver Rain\",\"url\":\"https:\/\/silverrain.es\/\",\"logo\":{\"@type\":\"ImageObject\",\"inLanguage\":\"es\",\"@id\":\"https:\/\/silverrain.es\/#\/schema\/logo\/image\/\",\"url\":\"https:\/\/silverrain.es\/wp-content\/uploads\/2023\/10\/cropped-favicon-silver-rain.png\",\"contentUrl\":\"https:\/\/silverrain.es\/wp-content\/uploads\/2023\/10\/cropped-favicon-silver-rain.png\",\"width\":512,\"height\":512,\"caption\":\"Silver Rain\"},\"image\":{\"@id\":\"https:\/\/silverrain.es\/#\/schema\/logo\/image\/\"}}]}<\/script>\n<!-- \/ Yoast SEO plugin. -->","yoast_head_json":{"title":"Contacto Silver Rain | Soluciones Audiovisuales para Eventos","description":"Con Silver Rain llevar\u00e1s tus eventos al siguiente nivel. Contacta y descubre c\u00f3mo nuestra experiencia en espect\u00e1culos, eventos 360\u00ba y m\u00e1s.","robots":{"index":"index","follow":"follow","max-snippet":"max-snippet:-1","max-image-preview":"max-image-preview:large","max-video-preview":"max-video-preview:-1"},"canonical":"https:\/\/silverrain.es\/contacto\/","og_locale":"es_ES","og_type":"article","og_title":"Contacto Silver Rain | Soluciones Audiovisuales para Eventos","og_description":"Con Silver Rain llevar\u00e1s tus eventos al siguiente nivel. Contacta y descubre c\u00f3mo nuestra experiencia en espect\u00e1culos, eventos 360\u00ba y m\u00e1s.","og_url":"https:\/\/silverrain.es\/contacto\/","og_site_name":"Silver Rain","article_modified_time":"2025-09-23T08:17:59+00:00","twitter_card":"summary_large_image","twitter_misc":{"Tiempo de lectura":"1 minuto"},"schema":{"@context":"https:\/\/schema.org","@graph":[{"@type":"WebPage","@id":"https:\/\/silverrain.es\/contacto\/","url":"https:\/\/silverrain.es\/contacto\/","name":"Contacto Silver Rain | Soluciones Audiovisuales para Eventos","isPartOf":{"@id":"https:\/\/silverrain.es\/#website"},"datePublished":"2023-10-26T10:28:16+00:00","dateModified":"2025-09-23T08:17:59+00:00","description":"Con Silver Rain llevar\u00e1s tus eventos al siguiente nivel. Contacta y descubre c\u00f3mo nuestra experiencia en espect\u00e1culos, eventos 360\u00ba y m\u00e1s.","breadcrumb":{"@id":"https:\/\/silverrain.es\/contacto\/#breadcrumb"},"inLanguage":"es","potentialAction":[{"@type":"ReadAction","target":["https:\/\/silverrain.es\/contacto\/"]}]},{"@type":"BreadcrumbList","@id":"https:\/\/silverrain.es\/contacto\/#breadcrumb","itemListElement":[{"@type":"ListItem","position":1,"name":"Portada","item":"https:\/\/silverrain.es\/"},{"@type":"ListItem","position":2,"name":"Contacto"}]},{"@type":"WebSite","@id":"https:\/\/silverrain.es\/#website","url":"https:\/\/silverrain.es\/","name":"Silver Rain","description":"Soluciones audiovisuales integrales para espect\u00e1culos y eventos","publisher":{"@id":"https:\/\/silverrain.es\/#organization"},"potentialAction":[{"@type":"SearchAction","target":{"@type":"EntryPoint","urlTemplate":"https:\/\/silverrain.es\/?s={search_term_string}"},"query-input":{"@type":"PropertyValueSpecification","valueRequired":true,"valueName":"search_term_string"}}],"inLanguage":"es"},{"@type":"Organization","@id":"https:\/\/silverrain.es\/#organization","name":"Silver Rain","url":"https:\/\/silverrain.es\/","logo":{"@type":"ImageObject","inLanguage":"es","@id":"https:\/\/silverrain.es\/#\/schema\/logo\/image\/","url":"https:\/\/silverrain.es\/wp-content\/uploads\/2023\/10\/cropped-favicon-silver-rain.png","contentUrl":"https:\/\/silverrain.es\/wp-content\/uploads\/2023\/10\/cropped-favicon-silver-rain.png","width":512,"height":512,"caption":"Silver Rain"},"image":{"@id":"https:\/\/silverrain.es\/#\/schema\/logo\/image\/"}}]}},"_links":{"self":[{"href":"https:\/\/silverrain.es\/wp-json\/wp\/v2\/pages\/21","targetHints":{"allow":["GET"]}}],"collection":[{"href":"https:\/\/silverrain.es\/wp-json\/wp\/v2\/pages"}],"about":[{"href":"https:\/\/silverrain.es\/wp-json\/wp\/v2\/types\/page"}],"author":[{"embeddable":true,"href":"https:\/\/silverrain.es\/wp-json\/wp\/v2\/users\/1"}],"replies":[{"embeddable":true,"href":"https:\/\/silverrain.es\/wp-json\/wp\/v2\/comments?post=21"}],"version-history":[{"count":0,"href":"https:\/\/silverrain.es\/wp-json\/wp\/v2\/pages\/21\/revisions"}],"wp:attachment":[{"href":"https:\/\/silverrain.es\/wp-json\/wp\/v2\/media?parent=21"}],"curies":[{"name":"wp","href":"https:\/\/api.w.org\/{rel}","templated":true}]}}